{"id":40,"date":"2008-07-25T00:33:27","date_gmt":"2008-07-24T22:33:27","guid":{"rendered":"https:\/\/www.pattysplanet.de\/de\/?page_id=40"},"modified":"2023-01-29T01:37:56","modified_gmt":"2023-01-28T23:37:56","slug":"zeitgeist","status":"publish","type":"page","link":"https:\/\/www.pattysplanet.de\/de\/musik\/zeitgeist\/","title":{"rendered":"Zeitgeist"},"content":{"rendered":"<div class=\"cue-player-klein kein-cover\" style=\"float: right;\">\n<div class=\"cue-playlist-container\">\n<div class=\"cue-playlist cue-theme-default\" itemscope itemtype=\"http:\/\/schema.org\/MusicPlaylist\">\n\t\n\t<meta itemprop=\"numTracks\" content=\"12\" \/>\n\n\t<audio src=\"https:\/\/www.planet-creations.de\/network\/dop\/audio\/silver_sample.mp3\" controls preload=\"none\" class=\"cue-audio\" style=\"width: 100%; height: auto\"><\/audio>\n\n\t<ol class=\"cue-tracks\">\n\t\t\t\t\t<li class=\"cue-track\" itemprop=\"track\" itemscope itemtype=\"http:\/\/schema.org\/MusicRecording\">\n\t\t\t\t\n\t\t\t\t<span class=\"cue-track-details cue-track-cell\">\n\t\t\t\t\t<span class=\"cue-track-title\" itemprop=\"name\">Silver<\/span>\n\t\t\t\t\t<span class=\"cue-track-artist\" itemprop=\"byArtist\">The Dop Experience<\/span>\n\t\t\t\t<\/span>\n\n\t\t\t\t\n\t\t\t\t<span class=\"cue-track-length cue-track-cell\"><\/span>\n\n\t\t\t\t\t\t\t<\/li>\n\t\t\t\t\t<li class=\"cue-track\" itemprop=\"track\" itemscope itemtype=\"http:\/\/schema.org\/MusicRecording\">\n\t\t\t\t\n\t\t\t\t<span class=\"cue-track-details cue-track-cell\">\n\t\t\t\t\t<span class=\"cue-track-title\" itemprop=\"name\">Paradise<\/span>\n\t\t\t\t\t<span class=\"cue-track-artist\" itemprop=\"byArtist\">The Dop Experience<\/span>\n\t\t\t\t<\/span>\n\n\t\t\t\t\n\t\t\t\t<span class=\"cue-track-length cue-track-cell\"><\/span>\n\n\t\t\t\t\t\t\t<\/li>\n\t\t\t\t\t<li class=\"cue-track\" itemprop=\"track\" itemscope itemtype=\"http:\/\/schema.org\/MusicRecording\">\n\t\t\t\t\n\t\t\t\t<span class=\"cue-track-details cue-track-cell\">\n\t\t\t\t\t<span class=\"cue-track-title\" itemprop=\"name\">Boxes<\/span>\n\t\t\t\t\t<span class=\"cue-track-artist\" itemprop=\"byArtist\">The Dop Experience<\/span>\n\t\t\t\t<\/span>\n\n\t\t\t\t\n\t\t\t\t<span class=\"cue-track-length cue-track-cell\"><\/span>\n\n\t\t\t\t\t\t\t<\/li>\n\t\t\t\t\t<li class=\"cue-track\" itemprop=\"track\" itemscope itemtype=\"http:\/\/schema.org\/MusicRecording\">\n\t\t\t\t\n\t\t\t\t<span class=\"cue-track-details cue-track-cell\">\n\t\t\t\t\t<span class=\"cue-track-title\" itemprop=\"name\">Electron Dance<\/span>\n\t\t\t\t\t<span class=\"cue-track-artist\" itemprop=\"byArtist\">The Dop Experience<\/span>\n\t\t\t\t<\/span>\n\n\t\t\t\t\n\t\t\t\t<span class=\"cue-track-length cue-track-cell\"><\/span>\n\n\t\t\t\t\t\t\t<\/li>\n\t\t\t\t\t<li class=\"cue-track\" itemprop=\"track\" itemscope itemtype=\"http:\/\/schema.org\/MusicRecording\">\n\t\t\t\t\n\t\t\t\t<span class=\"cue-track-details cue-track-cell\">\n\t\t\t\t\t<span class=\"cue-track-title\" itemprop=\"name\">Mysterious Pictures<\/span>\n\t\t\t\t\t<span class=\"cue-track-artist\" itemprop=\"byArtist\">The Dop Experience<\/span>\n\t\t\t\t<\/span>\n\n\t\t\t\t\n\t\t\t\t<span class=\"cue-track-length cue-track-cell\"><\/span>\n\n\t\t\t\t\t\t\t<\/li>\n\t\t\t\t\t<li class=\"cue-track\" itemprop=\"track\" itemscope itemtype=\"http:\/\/schema.org\/MusicRecording\">\n\t\t\t\t\n\t\t\t\t<span class=\"cue-track-details cue-track-cell\">\n\t\t\t\t\t<span class=\"cue-track-title\" itemprop=\"name\">Too Far<\/span>\n\t\t\t\t\t<span class=\"cue-track-artist\" itemprop=\"byArtist\">The Dop Experience<\/span>\n\t\t\t\t<\/span>\n\n\t\t\t\t\n\t\t\t\t<span class=\"cue-track-length cue-track-cell\"><\/span>\n\n\t\t\t\t\t\t\t<\/li>\n\t\t\t\t\t<li class=\"cue-track\" itemprop=\"track\" itemscope itemtype=\"http:\/\/schema.org\/MusicRecording\">\n\t\t\t\t\n\t\t\t\t<span class=\"cue-track-details cue-track-cell\">\n\t\t\t\t\t<span class=\"cue-track-title\" itemprop=\"name\">Time Has Gone<\/span>\n\t\t\t\t\t<span class=\"cue-track-artist\" itemprop=\"byArtist\">The Dop Experience<\/span>\n\t\t\t\t<\/span>\n\n\t\t\t\t\n\t\t\t\t<span class=\"cue-track-length cue-track-cell\"><\/span>\n\n\t\t\t\t\t\t\t<\/li>\n\t\t\t\t\t<li class=\"cue-track\" itemprop=\"track\" itemscope itemtype=\"http:\/\/schema.org\/MusicRecording\">\n\t\t\t\t\n\t\t\t\t<span class=\"cue-track-details cue-track-cell\">\n\t\t\t\t\t<span class=\"cue-track-title\" itemprop=\"name\">Bristol<\/span>\n\t\t\t\t\t<span class=\"cue-track-artist\" itemprop=\"byArtist\">The Dop Experience<\/span>\n\t\t\t\t<\/span>\n\n\t\t\t\t\n\t\t\t\t<span class=\"cue-track-length cue-track-cell\"><\/span>\n\n\t\t\t\t\t\t\t<\/li>\n\t\t\t\t\t<li class=\"cue-track\" itemprop=\"track\" itemscope itemtype=\"http:\/\/schema.org\/MusicRecording\">\n\t\t\t\t\n\t\t\t\t<span class=\"cue-track-details cue-track-cell\">\n\t\t\t\t\t<span class=\"cue-track-title\" itemprop=\"name\">Sunshine<\/span>\n\t\t\t\t\t<span class=\"cue-track-artist\" itemprop=\"byArtist\">The Dop Experience<\/span>\n\t\t\t\t<\/span>\n\n\t\t\t\t\n\t\t\t\t<span class=\"cue-track-length cue-track-cell\"><\/span>\n\n\t\t\t\t\t\t\t<\/li>\n\t\t\t\t\t<li class=\"cue-track\" itemprop=\"track\" itemscope itemtype=\"http:\/\/schema.org\/MusicRecording\">\n\t\t\t\t\n\t\t\t\t<span class=\"cue-track-details cue-track-cell\">\n\t\t\t\t\t<span class=\"cue-track-title\" itemprop=\"name\">Faith<\/span>\n\t\t\t\t\t<span class=\"cue-track-artist\" itemprop=\"byArtist\">The Dop Experience<\/span>\n\t\t\t\t<\/span>\n\n\t\t\t\t\n\t\t\t\t<span class=\"cue-track-length cue-track-cell\"><\/span>\n\n\t\t\t\t\t\t\t<\/li>\n\t\t\t\t\t<li class=\"cue-track\" itemprop=\"track\" itemscope itemtype=\"http:\/\/schema.org\/MusicRecording\">\n\t\t\t\t\n\t\t\t\t<span class=\"cue-track-details cue-track-cell\">\n\t\t\t\t\t<span class=\"cue-track-title\" itemprop=\"name\">Welcome to the Storm<\/span>\n\t\t\t\t\t<span class=\"cue-track-artist\" itemprop=\"byArtist\">The Dop Experience<\/span>\n\t\t\t\t<\/span>\n\n\t\t\t\t\n\t\t\t\t<span class=\"cue-track-length cue-track-cell\"><\/span>\n\n\t\t\t\t\t\t\t<\/li>\n\t\t\t\t\t<li class=\"cue-track\" itemprop=\"track\" itemscope itemtype=\"http:\/\/schema.org\/MusicRecording\">\n\t\t\t\t\n\t\t\t\t<span class=\"cue-track-details cue-track-cell\">\n\t\t\t\t\t<span class=\"cue-track-title\" itemprop=\"name\">Like a Day<\/span>\n\t\t\t\t\t<span class=\"cue-track-artist\" itemprop=\"byArtist\">The Dop Experience<\/span>\n\t\t\t\t<\/span>\n\n\t\t\t\t\n\t\t\t\t<span class=\"cue-track-length cue-track-cell\"><\/span>\n\n\t\t\t\t\t\t\t<\/li>\n\t\t\t<\/ol>\n\n\t<\/div>\n\t\t<script type=\"application\/json\" class=\"cue-playlist-data\">{\"embed_link\":\"https:\\\/\\\/www.pattysplanet.de\\\/de\\\/?cue_embed=zeitgeist&cue_theme=default\",\"permalink\":\"https:\\\/\\\/www.pattysplanet.de\\\/de\\\/?cue_playlist=zeitgeist\",\"skin\":\"cue-skin-default\",\"thumbnail\":\"\",\"tracks\":[{\"artist\":\"The Dop Experience\",\"artworkId\":131,\"artworkUrl\":\"https:\\\/\\\/www.pattysplanet.de\\\/de\\\/wp-content\\\/uploads\\\/2008\\\/07\\\/cd_zeitgeist_240.jpg\",\"audioId\":0,\"audioUrl\":\"https:\\\/\\\/www.planet-creations.de\\\/network\\\/dop\\\/audio\\\/silver_sample.mp3\",\"format\":\"\",\"length\":\"\",\"title\":\"Silver\",\"order\":0,\"mp3\":\"https:\\\/\\\/www.planet-creations.de\\\/network\\\/dop\\\/audio\\\/silver_sample.mp3\",\"meta\":{\"artist\":\"The Dop Experience\",\"length_formatted\":\"\"},\"src\":\"https:\\\/\\\/www.planet-creations.de\\\/network\\\/dop\\\/audio\\\/silver_sample.mp3\",\"thumb\":{\"src\":\"https:\\\/\\\/www.pattysplanet.de\\\/de\\\/wp-content\\\/uploads\\\/2008\\\/07\\\/cd_zeitgeist_240.jpg\"}},{\"artist\":\"The Dop Experience\",\"artworkId\":131,\"artworkUrl\":\"https:\\\/\\\/www.pattysplanet.de\\\/de\\\/wp-content\\\/uploads\\\/2008\\\/07\\\/cd_zeitgeist_240.jpg\",\"audioId\":0,\"audioUrl\":\"https:\\\/\\\/www.planet-creations.de\\\/network\\\/dop\\\/audio\\\/paradise.mp3\",\"format\":\"\",\"length\":\"\",\"title\":\"Paradise\",\"order\":1,\"mp3\":\"https:\\\/\\\/www.planet-creations.de\\\/network\\\/dop\\\/audio\\\/paradise.mp3\",\"meta\":{\"artist\":\"The Dop Experience\",\"length_formatted\":\"\"},\"src\":\"https:\\\/\\\/www.planet-creations.de\\\/network\\\/dop\\\/audio\\\/paradise.mp3\",\"thumb\":{\"src\":\"https:\\\/\\\/www.pattysplanet.de\\\/de\\\/wp-content\\\/uploads\\\/2008\\\/07\\\/cd_zeitgeist_240.jpg\"}},{\"artist\":\"The Dop Experience\",\"artworkId\":131,\"artworkUrl\":\"https:\\\/\\\/www.pattysplanet.de\\\/de\\\/wp-content\\\/uploads\\\/2008\\\/07\\\/cd_zeitgeist_240.jpg\",\"audioId\":0,\"audioUrl\":\"https:\\\/\\\/www.planet-creations.de\\\/network\\\/dop\\\/audio\\\/boxes_sample.mp3\",\"format\":\"\",\"length\":\"\",\"title\":\"Boxes\",\"order\":2,\"mp3\":\"https:\\\/\\\/www.planet-creations.de\\\/network\\\/dop\\\/audio\\\/boxes_sample.mp3\",\"meta\":{\"artist\":\"The Dop Experience\",\"length_formatted\":\"\"},\"src\":\"https:\\\/\\\/www.planet-creations.de\\\/network\\\/dop\\\/audio\\\/boxes_sample.mp3\",\"thumb\":{\"src\":\"https:\\\/\\\/www.pattysplanet.de\\\/de\\\/wp-content\\\/uploads\\\/2008\\\/07\\\/cd_zeitgeist_240.jpg\"}},{\"artist\":\"The Dop Experience\",\"artworkId\":131,\"artworkUrl\":\"https:\\\/\\\/www.pattysplanet.de\\\/de\\\/wp-content\\\/uploads\\\/2008\\\/07\\\/cd_zeitgeist_240.jpg\",\"audioId\":0,\"audioUrl\":\"https:\\\/\\\/www.planet-creations.de\\\/network\\\/dop\\\/audio\\\/electrondance_sample.mp3\",\"format\":\"\",\"length\":\"\",\"title\":\"Electron Dance\",\"order\":3,\"mp3\":\"https:\\\/\\\/www.planet-creations.de\\\/network\\\/dop\\\/audio\\\/electrondance_sample.mp3\",\"meta\":{\"artist\":\"The Dop Experience\",\"length_formatted\":\"\"},\"src\":\"https:\\\/\\\/www.planet-creations.de\\\/network\\\/dop\\\/audio\\\/electrondance_sample.mp3\",\"thumb\":{\"src\":\"https:\\\/\\\/www.pattysplanet.de\\\/de\\\/wp-content\\\/uploads\\\/2008\\\/07\\\/cd_zeitgeist_240.jpg\"}},{\"artist\":\"The Dop Experience\",\"artworkId\":131,\"artworkUrl\":\"https:\\\/\\\/www.pattysplanet.de\\\/de\\\/wp-content\\\/uploads\\\/2008\\\/07\\\/cd_zeitgeist_240.jpg\",\"audioId\":0,\"audioUrl\":\"https:\\\/\\\/www.planet-creations.de\\\/network\\\/dop\\\/audio\\\/mysteriouspictures_sample.mp3\",\"format\":\"\",\"length\":\"\",\"title\":\"Mysterious Pictures\",\"order\":4,\"mp3\":\"https:\\\/\\\/www.planet-creations.de\\\/network\\\/dop\\\/audio\\\/mysteriouspictures_sample.mp3\",\"meta\":{\"artist\":\"The Dop Experience\",\"length_formatted\":\"\"},\"src\":\"https:\\\/\\\/www.planet-creations.de\\\/network\\\/dop\\\/audio\\\/mysteriouspictures_sample.mp3\",\"thumb\":{\"src\":\"https:\\\/\\\/www.pattysplanet.de\\\/de\\\/wp-content\\\/uploads\\\/2008\\\/07\\\/cd_zeitgeist_240.jpg\"}},{\"artist\":\"The Dop Experience\",\"artworkId\":131,\"artworkUrl\":\"https:\\\/\\\/www.pattysplanet.de\\\/de\\\/wp-content\\\/uploads\\\/2008\\\/07\\\/cd_zeitgeist_240.jpg\",\"audioId\":0,\"audioUrl\":\"https:\\\/\\\/www.planet-creations.de\\\/network\\\/dop\\\/audio\\\/toofar_sample.mp3\",\"format\":\"\",\"length\":\"\",\"title\":\"Too Far\",\"order\":5,\"mp3\":\"https:\\\/\\\/www.planet-creations.de\\\/network\\\/dop\\\/audio\\\/toofar_sample.mp3\",\"meta\":{\"artist\":\"The Dop Experience\",\"length_formatted\":\"\"},\"src\":\"https:\\\/\\\/www.planet-creations.de\\\/network\\\/dop\\\/audio\\\/toofar_sample.mp3\",\"thumb\":{\"src\":\"https:\\\/\\\/www.pattysplanet.de\\\/de\\\/wp-content\\\/uploads\\\/2008\\\/07\\\/cd_zeitgeist_240.jpg\"}},{\"artist\":\"The Dop Experience\",\"artworkId\":131,\"artworkUrl\":\"https:\\\/\\\/www.pattysplanet.de\\\/de\\\/wp-content\\\/uploads\\\/2008\\\/07\\\/cd_zeitgeist_240.jpg\",\"audioId\":0,\"audioUrl\":\"https:\\\/\\\/www.planet-creations.de\\\/network\\\/dop\\\/audio\\\/timehasgone_sample.mp3\",\"format\":\"\",\"length\":\"\",\"title\":\"Time Has Gone\",\"order\":6,\"mp3\":\"https:\\\/\\\/www.planet-creations.de\\\/network\\\/dop\\\/audio\\\/timehasgone_sample.mp3\",\"meta\":{\"artist\":\"The Dop Experience\",\"length_formatted\":\"\"},\"src\":\"https:\\\/\\\/www.planet-creations.de\\\/network\\\/dop\\\/audio\\\/timehasgone_sample.mp3\",\"thumb\":{\"src\":\"https:\\\/\\\/www.pattysplanet.de\\\/de\\\/wp-content\\\/uploads\\\/2008\\\/07\\\/cd_zeitgeist_240.jpg\"}},{\"artist\":\"The Dop Experience\",\"artworkId\":131,\"artworkUrl\":\"https:\\\/\\\/www.pattysplanet.de\\\/de\\\/wp-content\\\/uploads\\\/2008\\\/07\\\/cd_zeitgeist_240.jpg\",\"audioId\":0,\"audioUrl\":\"https:\\\/\\\/www.planet-creations.de\\\/network\\\/dop\\\/audio\\\/bristol_sample.mp3\",\"format\":\"\",\"length\":\"\",\"title\":\"Bristol\",\"order\":7,\"mp3\":\"https:\\\/\\\/www.planet-creations.de\\\/network\\\/dop\\\/audio\\\/bristol_sample.mp3\",\"meta\":{\"artist\":\"The Dop Experience\",\"length_formatted\":\"\"},\"src\":\"https:\\\/\\\/www.planet-creations.de\\\/network\\\/dop\\\/audio\\\/bristol_sample.mp3\",\"thumb\":{\"src\":\"https:\\\/\\\/www.pattysplanet.de\\\/de\\\/wp-content\\\/uploads\\\/2008\\\/07\\\/cd_zeitgeist_240.jpg\"}},{\"artist\":\"The Dop Experience\",\"artworkId\":131,\"artworkUrl\":\"https:\\\/\\\/www.pattysplanet.de\\\/de\\\/wp-content\\\/uploads\\\/2008\\\/07\\\/cd_zeitgeist_240.jpg\",\"audioId\":0,\"audioUrl\":\"https:\\\/\\\/www.planet-creations.de\\\/network\\\/dop\\\/audio\\\/sunshine_sample.mp3\",\"format\":\"\",\"length\":\"\",\"title\":\"Sunshine\",\"order\":8,\"mp3\":\"https:\\\/\\\/www.planet-creations.de\\\/network\\\/dop\\\/audio\\\/sunshine_sample.mp3\",\"meta\":{\"artist\":\"The Dop Experience\",\"length_formatted\":\"\"},\"src\":\"https:\\\/\\\/www.planet-creations.de\\\/network\\\/dop\\\/audio\\\/sunshine_sample.mp3\",\"thumb\":{\"src\":\"https:\\\/\\\/www.pattysplanet.de\\\/de\\\/wp-content\\\/uploads\\\/2008\\\/07\\\/cd_zeitgeist_240.jpg\"}},{\"artist\":\"The Dop Experience\",\"artworkId\":131,\"artworkUrl\":\"https:\\\/\\\/www.pattysplanet.de\\\/de\\\/wp-content\\\/uploads\\\/2008\\\/07\\\/cd_zeitgeist_240.jpg\",\"audioId\":0,\"audioUrl\":\"https:\\\/\\\/www.planet-creations.de\\\/network\\\/dop\\\/audio\\\/faith_sample.mp3\",\"format\":\"\",\"length\":\"\",\"title\":\"Faith\",\"order\":9,\"mp3\":\"https:\\\/\\\/www.planet-creations.de\\\/network\\\/dop\\\/audio\\\/faith_sample.mp3\",\"meta\":{\"artist\":\"The Dop Experience\",\"length_formatted\":\"\"},\"src\":\"https:\\\/\\\/www.planet-creations.de\\\/network\\\/dop\\\/audio\\\/faith_sample.mp3\",\"thumb\":{\"src\":\"https:\\\/\\\/www.pattysplanet.de\\\/de\\\/wp-content\\\/uploads\\\/2008\\\/07\\\/cd_zeitgeist_240.jpg\"}},{\"artist\":\"The Dop Experience\",\"artworkId\":131,\"artworkUrl\":\"https:\\\/\\\/www.pattysplanet.de\\\/de\\\/wp-content\\\/uploads\\\/2008\\\/07\\\/cd_zeitgeist_240.jpg\",\"audioId\":0,\"audioUrl\":\"https:\\\/\\\/www.planet-creations.de\\\/network\\\/dop\\\/audio\\\/storm_sample.mp3\",\"format\":\"\",\"length\":\"\",\"title\":\"Welcome to the Storm\",\"order\":10,\"mp3\":\"https:\\\/\\\/www.planet-creations.de\\\/network\\\/dop\\\/audio\\\/storm_sample.mp3\",\"meta\":{\"artist\":\"The Dop Experience\",\"length_formatted\":\"\"},\"src\":\"https:\\\/\\\/www.planet-creations.de\\\/network\\\/dop\\\/audio\\\/storm_sample.mp3\",\"thumb\":{\"src\":\"https:\\\/\\\/www.pattysplanet.de\\\/de\\\/wp-content\\\/uploads\\\/2008\\\/07\\\/cd_zeitgeist_240.jpg\"}},{\"artist\":\"The Dop Experience\",\"artworkId\":131,\"artworkUrl\":\"https:\\\/\\\/www.pattysplanet.de\\\/de\\\/wp-content\\\/uploads\\\/2008\\\/07\\\/cd_zeitgeist_240.jpg\",\"audioId\":0,\"audioUrl\":\"https:\\\/\\\/www.planet-creations.de\\\/network\\\/dop\\\/audio\\\/likeaday_sample.mp3\",\"format\":\"\",\"length\":\"\",\"title\":\"Like a Day\",\"order\":11,\"mp3\":\"https:\\\/\\\/www.planet-creations.de\\\/network\\\/dop\\\/audio\\\/likeaday_sample.mp3\",\"meta\":{\"artist\":\"The Dop Experience\",\"length_formatted\":\"\"},\"src\":\"https:\\\/\\\/www.planet-creations.de\\\/network\\\/dop\\\/audio\\\/likeaday_sample.mp3\",\"thumb\":{\"src\":\"https:\\\/\\\/www.pattysplanet.de\\\/de\\\/wp-content\\\/uploads\\\/2008\\\/07\\\/cd_zeitgeist_240.jpg\"}}]}<\/script>\n\t\t<\/div>\n<\/div>\n<p><img loading=\"lazy\" decoding=\"async\" class=\"size-full wp-image-131 alignleft\" src=\"https:\/\/www.pattysplanet.de\/de\/wp-content\/uploads\/2008\/07\/cd_zeitgeist_240.jpg\" alt=\"\" width=\"240\" height=\"240\" srcset=\"https:\/\/www.pattysplanet.de\/de\/wp-content\/uploads\/2008\/07\/cd_zeitgeist_240.jpg 240w, https:\/\/www.pattysplanet.de\/de\/wp-content\/uploads\/2008\/07\/cd_zeitgeist_240-150x150.jpg 150w\" sizes=\"auto, (max-width: 240px) 100vw, 240px\" \/><\/p>\n<h3 style=\"clear: right;\"><strong>The Dop Experience \"Zeitgeist\"<\/strong><\/h3>\n<p>12-2004 \/ Elektro-Kartell<br \/>\n12 Songs, Gesamtspielzeit 50 minuten<\/p>\n<h3>Musiker<\/h3>\n<p><a href=\"..\/..\/\" target=\"_blank\" rel=\"noopener\">Patty Stucki<\/a>: vocals, saxofones<br \/>\nC\u00e9sar Ros\u00f3n: guitars, drum programming, synths<\/p>\n<p>Special Guests: Tobias Backhaus (drums), <a href=\"http:\/\/www.ayebeegroove.de\/\" target=\"_blank\" rel=\"noopener\">Anne Breick<\/a> (percussion), <a href=\"http:\/\/www.aliens-project.de\/\" target=\"_blank\" rel=\"noopener\">Bernie Land<\/a> (neuronalsynthesizer), Markus L\u00fccking (Lower Level - electronic drums), <a href=\"http:\/\/www.friendsinhighplaces.de\/\" target=\"_blank\" rel=\"noopener\">Ulrike Pfeifer<\/a> (bass).<\/p>\n<p>Recorded by C\u00e9sar Ros\u00f3n &amp; Patty Stucki.<br \/>\nMixed by Tino Ros\u00f3n (Barcelona).<br \/>\nCover Art by Acidmoon (Hamburg).<br \/>\nPromotion by Esther Zeschky (Frankfurt)<\/p>\n<h3>Bestellen<\/h3>\n<p>f\u00fcr 12 euro zzgl. Versand, per email:<br \/>\n<img loading=\"lazy\" decoding=\"async\" class=\"alignnone size-full wp-image-214\" src=\"https:\/\/www.pattysplanet.de\/de\/wp-content\/uploads\/2008\/07\/email_pattysplanet.gif\" alt=\"\" width=\"240\" height=\"33\" \/><\/p>\n<h3>Presse<\/h3>\n<p><em>\u201c... mit einem Faible f\u00fcr abgedrehte Space-Sounds und einem H\u00e4ndchen f\u00fcr zerschossene Beats\u201d ... \u201cfrappierend komplexe Ch\u00f6re, die den 11 Songs zugleich jene W\u00e4rme verleihen, die Bj\u00f6rks \u201cMed\u00falla\u201d vermissen lie\u00df.\u201d<br \/>\nAlbrecht Piltz in <\/em><strong><em>Keys 2005-02<\/em><\/strong><\/p>\n<h3><a href=\"https:\/\/www.pattysplanet.de\/de\/blog\/lyrics-zeitgeist\/\">Lyrics<\/a><\/h3>\n","protected":false},"excerpt":{"rendered":"<p>The Dop Experience \"Zeitgeist\" 12-2004 \/ Elektro-Kartell 12 Songs, Gesamtspielzeit 50 minuten Musiker Patty Stucki: vocals, saxofones C\u00e9sar Ros\u00f3n: guitars, drum programming, synths Special Guests: Tobias Backhaus (drums), Anne Breick (percussion), Bernie Land (neuronalsynthesizer), Markus L\u00fccking (Lower Level - electronic drums), Ulrike Pfeifer (bass). Recorded by C\u00e9sar Ros\u00f3n &amp; Patty Stucki. Mixed by Tino Ros\u00f3n [&hellip;]<\/p>\n","protected":false},"author":2,"featured_media":0,"parent":2,"menu_order":30,"comment_status":"closed","ping_status":"open","template":"","meta":{"footnotes":""},"class_list":["post-40","page","type-page","status-publish","hentry"],"aioseo_notices":[],"_links":{"self":[{"href":"https:\/\/www.pattysplanet.de\/de\/wp-json\/wp\/v2\/pages\/40","targetHints":{"allow":["GET"]}}],"collection":[{"href":"https:\/\/www.pattysplanet.de\/de\/wp-json\/wp\/v2\/pages"}],"about":[{"href":"https:\/\/www.pattysplanet.de\/de\/wp-json\/wp\/v2\/types\/page"}],"author":[{"embeddable":true,"href":"https:\/\/www.pattysplanet.de\/de\/wp-json\/wp\/v2\/users\/2"}],"replies":[{"embeddable":true,"href":"https:\/\/www.pattysplanet.de\/de\/wp-json\/wp\/v2\/comments?post=40"}],"version-history":[{"count":13,"href":"https:\/\/www.pattysplanet.de\/de\/wp-json\/wp\/v2\/pages\/40\/revisions"}],"predecessor-version":[{"id":1526,"href":"https:\/\/www.pattysplanet.de\/de\/wp-json\/wp\/v2\/pages\/40\/revisions\/1526"}],"up":[{"embeddable":true,"href":"https:\/\/www.pattysplanet.de\/de\/wp-json\/wp\/v2\/pages\/2"}],"wp:attachment":[{"href":"https:\/\/www.pattysplanet.de\/de\/wp-json\/wp\/v2\/media?parent=40"}],"curies":[{"name":"wp","href":"https:\/\/api.w.org\/{rel}","templated":true}]}}