{"id":353,"date":"2008-07-29T21:24:42","date_gmt":"2008-07-29T19:24:42","guid":{"rendered":"https:\/\/www.pattysplanet.de\/de\/?page_id=353"},"modified":"2025-11-03T13:10:41","modified_gmt":"2025-11-03T11:10:41","slug":"links","status":"publish","type":"page","link":"https:\/\/www.pattysplanet.de\/de\/links\/","title":{"rendered":"Links"},"content":{"rendered":"<h3>Musik<\/h3>\n<p><a id=\"musiker\" name=\"musiker\"><\/a>Musiker<\/p>\n<ul>\n<li><a href=\"https:\/\/www.eela-soley.com\/\" target=\"_blank\" rel=\"noopener noreferrer\">EELA SOLEY<\/a> Live Loops, Improvisationen, Songs, Freestyle<\/li>\n<li><a href=\"https:\/\/www.gizheela.de\" target=\"_blank\" rel=\"noopener noreferrer\">GIZHEELA<\/a> Eigenkompositionen quer durch den stilistischen Garten, von Sarahs \u00d6lmalerei bis zum Mantra, von Bo Gilbert und Eela Soley<\/li>\n<li><a href=\"https:\/\/hikary.eela-soley.com\" target=\"_blank\" rel=\"noopener noreferrer\">HIKARY<\/a> Eigenkompositionen in Jazz, World, Electrnonic<\/li>\n<li><a href=\"https:\/\/www.matthiaskeul.de\" target=\"_blank\" rel=\"noopener noreferrer\">MATTHIAS KEUL<\/a> K\u00f6lner Pianist und Komponist,\u00a0 Einfl\u00fcsse aus aller Welt<\/li>\n<li><a href=\"https:\/\/www.moogulator.de\/\" target=\"_blank\" rel=\"noopener noreferrer\">MOOGULATOR<\/a> Klangwelten, Soundskulpturen &amp; Frickelbeats! Seite des Musikers und Klangk\u00fcnstlers Moogulator<\/li>\n<li><a href=\"https:\/\/www.violalex.de\/\" target=\"_blank\" rel=\"noopener noreferrer\">ALEXANDER MEYEN<\/a> vielseitiger Musiker (violine &amp; loops) und Komponist aus K\u00f6ln<\/li>\n<li><a href=\"http:\/\/happyrhodes.org\/\" target=\"_blank\" rel=\"noopener noreferrer\">HAPPY RHODES<\/a> wundervolle S\u00e4ngerin mit 6 Oktaven Stimmumfang, kreative sensible Musik und einfach nur sch\u00f6ne Songs.<\/li>\n<li><a href=\"https:\/\/www.bettina-hagemann.de\/\" target=\"_blank\" rel=\"noopener noreferrer\">BETTINA HAGEMANN<\/a> Violine, Bass, Komposition &amp; more. Absolute Meisterin der E-geige &amp; der Effekte!!<\/li>\n<li><a href=\"https:\/\/www.juttakeller.com\/\" target=\"_blank\" rel=\"noopener noreferrer\">JUTTA KELLER<\/a> Gitarristin aus Speyer, feinste akustische und spanische Gitarre, guitar chillout uvm<\/li>\n<li><a href=\"https:\/\/www.gildarazani.de\/\" target=\"_blank\" rel=\"noopener noreferrer\">GILDA RAZANI<\/a> wundervolle persische Saxofonistin aus Dortmund<\/li>\n<li><a href=\"https:\/\/www.sitthekid.com\" target=\"_blank\" rel=\"noopener noreferrer\">SITARA<\/a> sehr kreative S\u00e4ngerin\/Songwriterin, die auch Elektronik und Visuelles macht (Link geht zu myspace)<\/li>\n<li><a href=\"http:\/\/www.michaelreimann.de\/\" target=\"_blank\" rel=\"noopener noreferrer\">MICHAEL REIMANN<\/a> sehr vielseitiger Pianist, Muiltiinstrumentalist und Erfinder neuer Instrumente<\/li>\n<li><a href=\"http:\/\/www.janallain.com\/\" target=\"_blank\" rel=\"noopener noreferrer\">JAN ALLAIN<\/a> sehr groovige Singer\/Songwriterin aus UK<\/li>\n<li><a href=\"http:\/\/solaris-sound.com\" target=\"_blank\" rel=\"noopener noreferrer\">SOLARIS SOUND<\/a> Filmmusik, Studio und grooviges von Wolfram Burgtorf &amp; Paco Saval aus K\u00f6ln<\/li>\n<li><a href=\"http:\/\/www.cellotronics.de\/\" target=\"_blank\" rel=\"noopener noreferrer\">CELLOTRONICS<\/a> groovige und virtuose Cellokl\u00e4nge von Kristoff Becker (Berlin), der seine Instrumente selbst baut und sich auch sonst einiges einfallen l\u00e4sst!<\/li>\n<li><a href=\"http:\/\/www.erbemusic.com\" target=\"_blank\" rel=\"noopener noreferrer\">STEFAN ERBE<\/a> vielseitige Elektronische Kunst:\u00a0 Ambientes, Elektro, Videos und Planetarisches zun H\u00f6ren und Sehen<\/li>\n<li><a href=\"http:\/\/www.michaelpeters.de\/\" target=\"_blank\" rel=\"noopener noreferrer\">MICHAEL PETERS<\/a> Live Looping Artist aus K\u00f6ln, Gitarre, Granulares, Fotos uvm!<\/li>\n<li><a href=\"http:\/\/popsong.de\" target=\"_blank\" rel=\"noopener noreferrer\">MARKUS APITIUS<\/a> Singer\/Songwriter und Komponist aus K\u00f6ln, tolle Songs, Alben, Live Konzerte!<\/li>\n<li><a href=\"http:\/\/www.brainspit.net\/\" target=\"_blank\" rel=\"noopener noreferrer\">morbid_monja<\/a> total kreative K\u00fcnstlerin aus Hamburg, Musik &amp; Visuelles, grenzenlos &amp; independent!<\/li>\n<li><a href=\"http:\/\/www.geyser.de\/\" target=\"_blank\" rel=\"noopener noreferrer\">GEYSER<\/a> fantasievolle elektronische Musik und Label<\/li>\n<li><a href=\"http:\/\/www.ellen-klinghammer.de\/\" target=\"_blank\" rel=\"noopener noreferrer\">ELLEN KLINGHAMMER<\/a> talentierte Songwriterin mit Gesang und Piano<\/li>\n<li><a href=\"http:\/\/www.friendsinhighplaces.de\/\" target=\"_blank\" rel=\"noopener noreferrer\">FRIENDS IN HIGH PLACES<\/a> wundervolle Band von Uli Pfeifer.<\/li>\n<li><a href=\"https:\/\/rudolfkoenen.wixsite.com\/rudolfkoenen\" target=\"_blank\" rel=\"noopener noreferrer\">RUDOLF K\u00d6NEN<\/a> Singer\/Songwriter aus K\u00f6ln (link geht zu myspace)<\/li>\n<li><a href=\"https:\/\/www.kicklaluna.com\/\" target=\"_blank\" rel=\"noopener noreferrer\">KICK LA LUNA<\/a> groovige ethno funk Band mit mehrstimmigem Gesang<\/li>\n<li><a href=\"http:\/\/www.lunazul.de\/\" target=\"_blank\" rel=\"noopener noreferrer\">LUNAZUL<\/a> akutische Gitarrenmusik und Kunst<\/li>\n<li><a href=\"http:\/\/www.alicerose.com\/\" target=\"_blank\" rel=\"noopener noreferrer\">ALICE ROSE<\/a> vielseitige K\u00fcnstlerin mit Gesang, Electronics, Viola und Visuals<\/li>\n<li><a href=\"http:\/\/www.aljen.de\/\" target=\"_blank\" rel=\"noopener noreferrer\">ALJEN<\/a> Sch\u00f6nes und Kreatives: Visuals, Fotos und Musik von Aleksander Jensko<\/li>\n<li><a href=\"http:\/\/www.tenontons.com\/\" target=\"_blank\" rel=\"noopener noreferrer\">TEN ON TONS<\/a> 10 Ladies spielen Sambarhythmen auf M\u00fclltonnen, die Frankfurter M\u00fcllgroove-connection ;-)<\/li>\n<li><a href=\"http:\/\/www.spike-media.de\" target=\"_blank\" rel=\"noopener noreferrer\">SPEICH MEDIA<\/a> Komposition und Musikproduktion in Karlsruhe<\/li>\n<li><a href=\"http:\/\/www.aliens-project.de\/\" target=\"_blank\" rel=\"noopener noreferrer\">ALIENS-PROJECT<\/a> das Synxss Studio mit vielen seltenen Ger\u00e4ten (Analogsysteme etc), Bilder, Sounds zum download, aktuelle CDs und live Events<\/li>\n<li><a href=\"http:\/\/www.dada-inn.de\/\" target=\"_blank\" rel=\"noopener noreferrer\">DADA INN<\/a> vielseitiger Electro vom feinsten aus K\u00f6ln: von britzel bis dr&amp;b<\/li>\n<li><a href=\"http:\/\/www.ayebeegroove.de\/\" target=\"_blank\" rel=\"noopener noreferrer\">AYEBEEGROOVE<\/a> Percussionistin Anne Breick aus Frankfurt, fetzige Samba-Bands, Cajon-Ausbildung<\/li>\n<li><a href=\"http:\/\/www.melinja.de\/\" target=\"_blank\" rel=\"noopener noreferrer\">ELKE VOLTZ<\/a> S\u00e4ngerin und Songwriterin aus T\u00fcbingen, ihr Soloprojekt, ihre Stimmworkshops und tolle Alben<\/li>\n<li><a href=\"http:\/\/elviraplenar.de\" target=\"_blank\" rel=\"noopener noreferrer\">ELVIRA PLENAR<\/a> grossartige Pianistin und Komponistin, die auch gern Elektronik verwendet.<\/li>\n<li><a href=\"http:\/\/www.gentlegroove.com\/\" target=\"_blank\" rel=\"noopener noreferrer\">gentlegroove<\/a> Elektronik mit Gesang aus K\u00f6ln, mit melancholisch-hoffnungsvoller Atmo.<\/li>\n<li><a href=\"http:\/\/www.junck.de\/\" target=\"_blank\" rel=\"noopener noreferrer\">MICHAEL JUNCK<\/a> Seite des Klangkombinateurs. tolle Ideen zum H\u00f6ren und Sehen online.<\/li>\n<li><a href=\"http:\/\/www.jusi-music.com\/\" target=\"_blank\" rel=\"noopener noreferrer\">jUSi<\/a> deutschsprachiger akustischer Pop aus Mannheim<\/li>\n<li><a href=\"http:\/\/www.mopot.de\/\" target=\"_blank\" rel=\"noopener noreferrer\">MOPOT<\/a> groovige elektronische Musik, live &amp; auf CD, auch ganz tolle umfangreiche Homepage, unbedingt einen Besuch wert!<\/li>\n<li><a href=\"http:\/\/www.deeptune.de\/\" target=\"_blank\" rel=\"noopener noreferrer\">DEEP TUNE<\/a> elektronische Musik &amp; more von Thomas Schulz<\/li>\n<li><a href=\"http:\/\/www.stefanhuth.com\/\" target=\"_blank\" rel=\"noopener noreferrer\">STEFAN HUTH<\/a> einer der seltenen Chapman- Stick spieler in D<\/li>\n<li><a href=\"http:\/\/www.karibow.de\/\" target=\"_blank\" rel=\"noopener noreferrer\">KARIBOW<\/a> rockiges Projekt mit G\u00e4sten und\u00a0 vielen Alben<\/li>\n<li><a href=\"http:\/\/www.pitchthefork.de\" target=\"_blank\" rel=\"noopener noreferrer\">PITCH THE FORK<\/a> Ladiez Jazzband aus frankfurt<\/li>\n<\/ul>\n<p><a id=\"produktion\" name=\"produktion\"><\/a>Produktion<\/p>\n<ul>\n<li><a href=\"http:\/\/www.sequencer.de\" target=\"_blank\" rel=\"noopener noreferrer\">SEQUENCER.DE<\/a> das wichtigste deutschsprachige Portal zum Thema Synthesizer: mit Blog, Forum, Fotogalerien, Datenbank und Workshops<\/li>\n<li><a href=\"http:\/\/www.xpunkt1.de\" target=\"_blank\" rel=\"noopener noreferrer\">XPUNKT1<\/a> Tonstudio-Oase mitten in K\u00f6ln direkt am Dom, von Sitara und Henning Schmitz<\/li>\n<li>MFB richtig guter analoger Sound auf kleinstem Raum zum erschwinglichen Preis, gezaubert von Manfred Fricke Berlin R.I.P.<\/li>\n<li><a href=\"http:\/\/www.electronicattack.de\" target=\"_blank\" rel=\"noopener noreferrer\">ELECTRONICATTACK<\/a> Community f\u00fcr Musik und Producing mit legend\u00e4ren Parties<\/li>\n<li><a href=\"http:\/\/www.elektro-kartell.de\" target=\"_blank\" rel=\"noopener noreferrer\">ELEKTRO-KARTELL<\/a> Community und Label f\u00fcr Elektronische Musik im Raum Frankfurt<\/li>\n<li><a href=\"http:\/\/www.logicuser.de\/\" target=\"_blank\" rel=\"noopener noreferrer\">LOGICUSER<\/a> - deutschsprachige Seite rund um Logic, News, Infos, Forum<\/li>\n<li><a href=\"http:\/\/www.ableton.de\/\" target=\"_blank\" rel=\"noopener noreferrer\">ABLETON<\/a> live &amp; das liveoptimiertes sequencing instrument<\/li>\n<li><a href=\"http:\/\/www.prosoniq.com\/\" target=\"_blank\" rel=\"noopener noreferrer\">PROSONIQ<\/a>\/ZYNAPTIQ seit Jahren gute audiosoftware<\/li>\n<li><a href=\"http:\/\/www.symbolicsound.com\" target=\"_blank\" rel=\"noopener noreferrer\">SYMBOLIC SOUND<\/a> homebase von Carla Scaletti's Kyma<\/li>\n<li><a href=\"http:\/\/www.native-instruments.de\/\" target=\"_blank\" rel=\"noopener noreferrer\">NATIVE INSTRUMENTS<\/a> Reaktor<\/li>\n<li><a href=\"https:\/\/u-he.com\" target=\"_blank\" rel=\"noopener\">U-HE<\/a> virtuelle Instrumente von Urs Heckmann<\/li>\n<li><a href=\"http:\/\/www.synthesizer-magazin.de\/\" target=\"_blank\" rel=\"noopener noreferrer\">SYNTHEISZER MAGAZIN<\/a> die Zeitschrift f\u00fcr Klangsynthese, Musik und neue Ideen (wie zb. open source audio, controller, vjing, diy synths, modular etc), sch\u00f6n detailliert und mit viel Musik, Interviews<\/li>\n<li><a href=\"http:\/\/www.emusician.com\/\" target=\"_blank\" rel=\"noopener noreferrer\">EM-ONLINE<\/a> die Netzversion der bekannten Zeitschrift electronic musician<\/li>\n<li><a href=\"http:\/\/www.soundandrecording.de\/\" target=\"_blank\" rel=\"noopener noreferrer\">SOUND &amp; RECORDING<\/a> Zeitschrift f\u00fcr Recording, Computer und Musikproduktion<\/li>\n<li><a href=\"http:\/\/www.keys.de\/\" target=\"_blank\" rel=\"noopener noreferrer\">KEYS<\/a> zeitschrift f\u00fcr elektronische Musikproduktion<\/li>\n<li><a href=\"http:\/\/www.amazona.de\/\" target=\"_blank\" rel=\"noopener noreferrer\">AMAZONA<\/a> e-zine f\u00fcr elektronische Musik &amp; Recording, viele Testberichte, Interviews, Forum &amp;<\/li>\n<li><a href=\"http:\/\/www.synrise.de\/\" target=\"_blank\" rel=\"noopener noreferrer\">SYNRISE<\/a> das geballte Wissen zu Synthesizern und Equipment (wird nicht mehr aktualisiert)<\/li>\n<li><a href=\"http:\/\/www.memi.com\/\" target=\"_blank\" rel=\"noopener noreferrer\">MEMI<\/a> - online Magazin f\u00fcr elektronische Musikproduktion<\/li>\n<li><a href=\"http:\/\/www.creaktor.de\/\" target=\"_blank\" rel=\"noopener noreferrer\">CREAKTOR<\/a> Schule f\u00fcr Homerecording in Karlsruhe<\/li>\n<\/ul>\n<p><a id=\"netzwerke\" name=\"netzwerke\"><\/a>Netzwerke, Portale, E-zines<\/p>\n<ul>\n<li><a href=\"http:\/\/www.alternativmusik.de\/\" target=\"_blank\" rel=\"noopener noreferrer\">ALTERNATIVMUSIK<\/a> Portal mit CD Rezensionen, Interviews etc, dark, gothic, electronic<\/li>\n<li><a href=\"http:\/\/www.nurnichtnur.de\/\" target=\"_blank\" rel=\"noopener noreferrer\">NURNICHTNUR<\/a> interessante K\u00fcnstler, interessante Projekte, verschiedene Stilrichtungen, tolle Ideen!!<\/li>\n<li><a href=\"http:\/\/www.schallwen.de\" target=\"_blank\" rel=\"noopener noreferrer\">SCHALLWENDE<\/a> Netzwerk, Events, Treffen, Austausch rund um elektronische Musik der Berliner Schule<\/li>\n<li><a href=\"http:\/\/www.electrified.info\/\" target=\"_blank\" rel=\"noopener noreferrer\">ELECTRIFIED<\/a> cooles Elektro-Portal aus Bremen, mit Rezis und Radiosendung<\/li>\n<li><a href=\"http:\/\/tonatom.net\/\" target=\"_blank\" rel=\"noopener noreferrer\">TONATOM<\/a> virtuelles Label mit ausgew\u00e4hlter guter elektronischer Musik zum download, kostenlos!<\/li>\n<li><a href=\"http:\/\/www.melodiva.de\" target=\"_blank\" rel=\"noopener noreferrer\">MELODIVA<\/a> e-zine mit Schwerpunkt Frauen und Girls im Musikbuz, Reports, News, CD-Reviews und vieles vieles mehr!<\/li>\n<li><a href=\"http:\/\/www.out-of-space.ch\/\" target=\"_blank\" rel=\"noopener noreferrer\">OUT OF SPACE<\/a> Portal in der Schweiz f\u00fcr Triphop und Downbeat<\/li>\n<li><a href=\"http:\/\/www.befreite-musik.de\/\" target=\"_blank\" rel=\"noopener noreferrer\">beFREItE MUSIK<\/a> Portal f\u00fcr freie Musik von fRANK bERZIK<\/li>\n<li><a href=\"http:\/\/www.femalepressure.net\/\" target=\"_blank\" rel=\"noopener noreferrer\">FEMALEPRESSURE<\/a> weltweites Netzwerk &amp; Datenbank f\u00fcr Djanes, Vjanes und Musikerinnen in electronic<\/li>\n<li><a href=\"http:\/\/www.bandliste.de\" target=\"_blank\" rel=\"noopener noreferrer\">BANDLISTE<\/a> Musikerportal mit riesiger Band- und Locationdatenbank<\/li>\n<\/ul>\n<h3>Diverses<\/h3>\n<p><a id=\"welt\" name=\"welt\"><\/a>Welt &amp; Bunt<\/p>\n<ul>\n<li><a href=\"http:\/\/www.editheckholt.de\/\" target=\"_blank\" rel=\"noopener noreferrer\">MAERWEIB<\/a> die atemberaubende M\u00e4rchenerz\u00e4hlerin Lilith Eckholt aus K\u00f6ln<\/li>\n<li><a href=\"http:\/\/steinbildhauer-graef.de\" target=\"_blank\" rel=\"noopener noreferrer\">HENNER GR\u00c4F<\/a> Steinbildhauermeister<\/li>\n<li><a href=\"https:\/\/www.vocalworks.de\/\" target=\"_blank\" rel=\"noopener noreferrer\">PHILIPPINA BLASCHYK<\/a> Vocalcoaching<\/li>\n<li><a href=\"http:\/\/www.sabinebuettner.com\" target=\"_blank\" rel=\"noopener noreferrer\">SABINE B\u00dcTTNER<\/a> k\u00fcnstlerin aus k\u00f6ln, stellt bilder und skizzen im netz vor, ein besuch lohnt sich!<\/li>\n<li><a href=\"http:\/\/www.elektropolis.de\" target=\"_blank\" rel=\"noopener noreferrer\">ELEKTROPOLIS<\/a> Seite von Dirk Matten (Synthesizerstudio Bonn), eine Menge Lesens- und St\u00f6bernswertes online und sehr interessantes G\u00e4stebuch<\/li>\n<li><a href=\"http:\/\/www.claudia-klinger.de\" target=\"_blank\" rel=\"noopener noreferrer\">CLAUDIA KLINGER<\/a> interessante Blogs einer interessanten Frau aus Berlin, \u00fcber, Web, Schreiben, Garten und das Leben<\/li>\n<li><a href=\"http:\/\/www.mueller-farny.de\" target=\"_blank\" rel=\"noopener noreferrer\">INGRID M\u00dcLLER-FARNY<\/a> vielseitige kreative Schauspielerin und S\u00e4ngerin aus Berlin<\/li>\n<li><a href=\"http:\/\/www.honga.de\" target=\"_blank\" rel=\"noopener noreferrer\">HONGA<\/a>, Multimedia, Grafik, Webdesign, eigenes CMS, Ukulelenmusik und weiteres Interessantes aller Art f\u00fcr Augen und Ohren von Ian H\u00e4ndschke<\/li>\n<li><a href=\"http:\/\/www.dieterhebben.de\/\" target=\"_blank\" rel=\"noopener noreferrer\">DIETER HEBBEN<\/a> Ger\u00e4uschemacher f\u00fcr Film, TV,Lliveperformances in K\u00f6ln<\/li>\n<li><a href=\"http:\/\/www.electronic-circus.net\/\" target=\"_blank\" rel=\"noopener noreferrer\">ELECTRONIC CIRCUS<\/a> Festival der Elektronischen Musik (Ambient, EM) und weitere Events<\/li>\n<li><a href=\"http:\/\/www.frankfurter-musikbuero.de\" target=\"_blank\" rel=\"noopener noreferrer\">FRANKFURTER MUSIKB\u00dcRO<\/a> live Beschallung, Label und Studio in Frankfurt von Krishna Meindl<\/li>\n<li><a href=\"https:\/\/www.rogalla-rummel.de\/\" target=\"_blank\" rel=\"noopener noreferrer\">DR. ROGALLA + DR. RUMMEL<\/a> Tier\u00e4rztinnen mit den Schwerpunkten Akupunktur, Goldimplantation und Katzen, fr\u00fcher eigene Praxis (tierarztpraxis-rogalla-rummel.de) in Nidderau (Hessen), sehr viele hilfreiche Fachartikel und Wissenswertes<\/li>\n<li><a href=\"http:\/\/www.fmck.de\/\" target=\"_blank\" rel=\"noopener noreferrer\">FRAUEN MUSIK CLUB K\u00d6LN<\/a> e.V. Jamsession, Konzerte, Workshops<\/li>\n<li><a href=\"https:\/\/www.bernasconi-massagen.de\/\" target=\"_blank\" rel=\"noopener\">BERNASCONI-MASSAGEN<\/a> Rebalancing Massage und M\u00fctterpflegerin in Aachen<\/li>\n<li><a href=\"https:\/\/www.yoga-vidya.de\/\" target=\"_blank\" rel=\"noopener\">YOGA VIDYA<\/a> Yoga Community<\/li>\n<li><a href=\"http:\/\/www.diamondway-buddhism.org\" target=\"_blank\" rel=\"noopener noreferrer\">KARMA KAGY\u00dc<\/a> Buddhismus<\/li>\n<\/ul>\n<p><a id=\"zukunft\" name=\"zukunft\"><\/a>Zukunft<\/p>\n<ul>\n<li><a href=\"http:\/\/www.mit.edu\/\" target=\"_blank\" rel=\"noopener noreferrer\">M.I.T.<\/a> hier gibts die neuesten Ideen aus der Welt der Technologien &amp; lohnt sich zu st\u00f6bern!!<\/li>\n<li><a href=\"http:\/\/www.jayemsonic.de\/\" target=\"_blank\" rel=\"noopener noreferrer\">J\u00dcRGEN MICHAELIS<\/a>, Projekte und Produkte, zb die resonante Neuronensynthese &amp;<\/li>\n<li><a href=\"http:\/\/www.c-base.org\/\" target=\"_blank\" rel=\"noopener noreferrer\">C-BASE<\/a> Community f\u00fcr Hi-Tec und neue Ideen in Berlin<\/li>\n<li><a href=\"https:\/\/openai.com\/blog\/chatgpt\/\" target=\"_blank\" rel=\"noopener\">ChatGPT<\/a> k\u00fcnstlich intelligenter Chatpartner, kann ua programmieren und Texte schreiben<\/li>\n<\/ul>\n<p><a id=\"fotos\" name=\"fotos\"><\/a>Fotos<\/p>\n<ul>\n<li><a href=\"https:\/\/www.fotobuehler.de\/\" target=\"_blank\" rel=\"noopener\">GEORG B\u00dcHLER<\/a> wundervoller Naturfotograf und K\u00fcnstler<\/li>\n<li><a href=\"http:\/\/www.der-lichtzeichner.de\/\" target=\"_blank\" rel=\"noopener noreferrer\">MARKUS SCHULZE<\/a> genialer Musik-Fotograf und DJ in k\u00f6ln<\/li>\n<li><a href=\"http:\/\/www.seelhammer.de\" target=\"_blank\" rel=\"noopener noreferrer\">JOCHEN SEELHAMMER<\/a> k\u00f6lner fotograf und fotok\u00fcnstler<\/li>\n<li><a href=\"http:\/\/www.mahone-fotografie.de\/\" target=\"_blank\" rel=\"noopener noreferrer\">MAHONE FOTOGRAFIE<\/a> sch\u00f6nes und kreatives von der frankfurter fotografin Monika Mahone.<\/li>\n<\/ul>\n<p><a id=\"suma\" name=\"suma\"><\/a>Suchmaschinen<\/p>\n<ul>\n<li><a href=\"http:\/\/www.ecosia.org\" target=\"_blank\" rel=\"noopener noreferrer\">ECOSIA<\/a> Suchmaschine (coop von bing, yahoo, wwf), die Einnahmen in den Schutz des Regenwaldes investiert.<\/li>\n<li><a href=\"http:\/\/www.vivisimo.com\/\" target=\"_blank\" rel=\"noopener noreferrer\">VIVISIMO<\/a> clustering search engine<\/li>\n<li><a href=\"https:\/\/metager.de\" target=\"_blank\" rel=\"noopener noreferrer\">METAGER<\/a> parallele suchmaschine, schnell und \u00fcbersichtlich, gute zusammenfassung, findet gern wissenschaftliche seiten<\/li>\n<\/ul>\n","protected":false},"excerpt":{"rendered":"<p>Musik Musiker EELA SOLEY Live Loops, Improvisationen, Songs, Freestyle GIZHEELA Eigenkompositionen quer durch den stilistischen Garten, von Sarahs \u00d6lmalerei bis zum Mantra, von Bo Gilbert und Eela Soley HIKARY Eigenkompositionen in Jazz, World, Electrnonic MATTHIAS KEUL K\u00f6lner Pianist und Komponist,\u00a0 Einfl\u00fcsse aus aller Welt MOOGULATOR Klangwelten, Soundskulpturen &amp; Frickelbeats! Seite des Musikers und Klangk\u00fcnstlers Moogulator [&hellip;]<\/p>\n","protected":false},"author":2,"featured_media":0,"parent":0,"menu_order":65,"comment_status":"closed","ping_status":"open","template":"","meta":{"footnotes":""},"class_list":["post-353","page","type-page","status-publish","hentry"],"aioseo_notices":[],"_links":{"self":[{"href":"https:\/\/www.pattysplanet.de\/de\/wp-json\/wp\/v2\/pages\/353","targetHints":{"allow":["GET"]}}],"collection":[{"href":"https:\/\/www.pattysplanet.de\/de\/wp-json\/wp\/v2\/pages"}],"about":[{"href":"https:\/\/www.pattysplanet.de\/de\/wp-json\/wp\/v2\/types\/page"}],"author":[{"embeddable":true,"href":"https:\/\/www.pattysplanet.de\/de\/wp-json\/wp\/v2\/users\/2"}],"replies":[{"embeddable":true,"href":"https:\/\/www.pattysplanet.de\/de\/wp-json\/wp\/v2\/comments?post=353"}],"version-history":[{"count":69,"href":"https:\/\/www.pattysplanet.de\/de\/wp-json\/wp\/v2\/pages\/353\/revisions"}],"predecessor-version":[{"id":1682,"href":"https:\/\/www.pattysplanet.de\/de\/wp-json\/wp\/v2\/pages\/353\/revisions\/1682"}],"wp:attachment":[{"href":"https:\/\/www.pattysplanet.de\/de\/wp-json\/wp\/v2\/media?parent=353"}],"curies":[{"name":"wp","href":"https:\/\/api.w.org\/{rel}","templated":true}]}}