{"id":29,"date":"2008-07-24T21:39:30","date_gmt":"2008-07-24T19:39:30","guid":{"rendered":"https:\/\/www.pattysplanet.de\/de\/?page_id=29"},"modified":"2010-12-24T02:38:12","modified_gmt":"2010-12-24T00:38:12","slug":"start","status":"publish","type":"page","link":"https:\/\/www.pattysplanet.de\/de\/","title":{"rendered":"Start"},"content":{"rendered":"<p><img loading=\"lazy\" decoding=\"async\" class=\"size-full wp-image-30\" src=\"https:\/\/www.pattysplanet.de\/de\/wp-content\/uploads\/2008\/07\/patty_flyer.gif\" alt=\"pattysplanet flyer 2007\" hspace=\"30\" vspace=\"10\" width=\"182\" height=\"278\" align=\"left\" \/><\/p>\n<p>Inspiriert vom wundersch\u00f6nen Universum, von Wind, Wasser, Planeten, Bergen, Pflanzen und Musik aus aller Welt ...<\/p>\n<blockquote><p><em><strong>\"Sounds aus Sternenstaub - Vocals wie vom Himmel\"<br \/>\n<\/strong>(Keys, Magazin f\u00fcr Musikproduktion)<\/em><\/p><\/blockquote>\n<p>... folgt die Schweizer S\u00e4ngerin und Klangk\u00fcnstlerin Patty Stucki ihrer Inspiration und kreiert mit ihrer Musik ihren eigenen Sound, schafft ihre eigene Atmo - ihren Planeten.<\/p>\n<blockquote><p><em><strong>\"Wundersch\u00f6n, schr\u00e4g und einzigartig\"<\/strong><br \/>\n(RadioX Frankfurt)<\/em><\/p><\/blockquote>\n<p>Pattysplanet ver\u00f6ffentlicht CDs, spielt Live-Konzerte, improvisiert mit Stimme, Saxofon, Laptop und verschiedenen Instrumenten - und\u00a0 collaboriert mit internationalen K\u00fcnstlern unterschiedlichster Sparten, Genres und Ausrichtung.<\/p>\n<blockquote>\n<p style=\"text-align: right;\"><em><strong>\"Aus dem Verborgenen ins Licht. Mit bunten, einf\u00fchlsamen, kreativen elektronischen Sounds und Klanggebilden, \u00fcberrascht Patty Stucki nicht nur Elektro-Freaks\"<\/strong><\/em><em> (Sound.de)<\/em><\/p>\n<\/blockquote>\n","protected":false},"excerpt":{"rendered":"<p>Inspiriert vom wundersch\u00f6nen Universum, von Wind, Wasser, Planeten, Bergen, Pflanzen und Musik aus aller Welt ... \"Sounds aus Sternenstaub - Vocals wie vom Himmel\" (Keys, Magazin f\u00fcr Musikproduktion) ... folgt die Schweizer S\u00e4ngerin und Klangk\u00fcnstlerin Patty Stucki ihrer Inspiration und kreiert mit ihrer Musik ihren eigenen Sound, schafft ihre eigene Atmo - ihren Planeten. \"Wundersch\u00f6n, [&hellip;]<\/p>\n","protected":false},"author":2,"featured_media":0,"parent":0,"menu_order":5,"comment_status":"closed","ping_status":"open","template":"","meta":{"footnotes":""},"class_list":["post-29","page","type-page","status-publish","hentry"],"aioseo_notices":[],"_links":{"self":[{"href":"https:\/\/www.pattysplanet.de\/de\/wp-json\/wp\/v2\/pages\/29","targetHints":{"allow":["GET"]}}],"collection":[{"href":"https:\/\/www.pattysplanet.de\/de\/wp-json\/wp\/v2\/pages"}],"about":[{"href":"https:\/\/www.pattysplanet.de\/de\/wp-json\/wp\/v2\/types\/page"}],"author":[{"embeddable":true,"href":"https:\/\/www.pattysplanet.de\/de\/wp-json\/wp\/v2\/users\/2"}],"replies":[{"embeddable":true,"href":"https:\/\/www.pattysplanet.de\/de\/wp-json\/wp\/v2\/comments?post=29"}],"version-history":[{"count":50,"href":"https:\/\/www.pattysplanet.de\/de\/wp-json\/wp\/v2\/pages\/29\/revisions"}],"predecessor-version":[{"id":33,"href":"https:\/\/www.pattysplanet.de\/de\/wp-json\/wp\/v2\/pages\/29\/revisions\/33"}],"wp:attachment":[{"href":"https:\/\/www.pattysplanet.de\/de\/wp-json\/wp\/v2\/media?parent=29"}],"curies":[{"name":"wp","href":"https:\/\/api.w.org\/{rel}","templated":true}]}}