{"id":16,"date":"2008-07-21T14:51:51","date_gmt":"2008-07-21T12:51:51","guid":{"rendered":"https:\/\/www.pattysplanet.de\/de\/?page_id=16"},"modified":"2010-10-30T00:08:04","modified_gmt":"2010-10-29T22:08:04","slug":"download","status":"publish","type":"page","link":"https:\/\/www.pattysplanet.de\/de\/download\/","title":{"rendered":"Download"},"content":{"rendered":"<h3>f\u00fcr Veranstalter<\/h3>\n<ul>\n<li><a href=\"..\/..\/booking\/material\/pattysplanet_kit.zip\" target=\"_blank\">Veranstalter-Paket: 2 Fotos, Konzertank\u00fcndigung, technical rider<\/a><\/li>\n<\/ul>\n<h3>f\u00fcr Musiker und Producer<\/h3>\n<ul>\n<li><a href=\"..\/blog\/freie-samples-1\/\">Freie Samples #1: drums, percussion, saxfonone, vocals, strange soundz<\/a><\/li>\n<\/ul>\n","protected":false},"excerpt":{"rendered":"<p>f\u00fcr Veranstalter Veranstalter-Paket: 2 Fotos, Konzertank\u00fcndigung, technical rider f\u00fcr Musiker und Producer Freie Samples #1: drums, percussion, saxfonone, vocals, strange soundz<\/p>\n","protected":false},"author":2,"featured_media":0,"parent":0,"menu_order":60,"comment_status":"closed","ping_status":"open","template":"","meta":{"footnotes":""},"class_list":["post-16","page","type-page","status-publish","hentry"],"aioseo_notices":[],"_links":{"self":[{"href":"https:\/\/www.pattysplanet.de\/de\/wp-json\/wp\/v2\/pages\/16","targetHints":{"allow":["GET"]}}],"collection":[{"href":"https:\/\/www.pattysplanet.de\/de\/wp-json\/wp\/v2\/pages"}],"about":[{"href":"https:\/\/www.pattysplanet.de\/de\/wp-json\/wp\/v2\/types\/page"}],"author":[{"embeddable":true,"href":"https:\/\/www.pattysplanet.de\/de\/wp-json\/wp\/v2\/users\/2"}],"replies":[{"embeddable":true,"href":"https:\/\/www.pattysplanet.de\/de\/wp-json\/wp\/v2\/comments?post=16"}],"version-history":[{"count":10,"href":"https:\/\/www.pattysplanet.de\/de\/wp-json\/wp\/v2\/pages\/16\/revisions"}],"predecessor-version":[{"id":240,"href":"https:\/\/www.pattysplanet.de\/de\/wp-json\/wp\/v2\/pages\/16\/revisions\/240"}],"wp:attachment":[{"href":"https:\/\/www.pattysplanet.de\/de\/wp-json\/wp\/v2\/media?parent=16"}],"curies":[{"name":"wp","href":"https:\/\/api.w.org\/{rel}","templated":true}]}}