{"id":1516,"date":"2023-01-29T00:25:07","date_gmt":"2023-01-28T22:25:07","guid":{"rendered":"https:\/\/www.pattysplanet.de\/de\/?page_id=1516"},"modified":"2023-01-29T01:54:39","modified_gmt":"2023-01-28T23:54:39","slug":"welcome","status":"publish","type":"page","link":"https:\/\/www.pattysplanet.de\/de\/musik\/welcome\/","title":{"rendered":"Welcome"},"content":{"rendered":"<div class=\"cue-player-klein kein-cover\" style=\"float: right;\">\n<div class=\"cue-playlist-container\">\n<div class=\"cue-playlist cue-theme-default\" itemscope itemtype=\"http:\/\/schema.org\/MusicPlaylist\">\n\t\n\t<meta itemprop=\"numTracks\" content=\"12\" \/>\n\n\t<audio src=\"https:\/\/eela-soley.com\/audio\/welcome\/nam_myoho_renge_kyo.mp3\" controls preload=\"none\" class=\"cue-audio\" style=\"width: 100%; height: auto\"><\/audio>\n\n\t<ol class=\"cue-tracks\">\n\t\t\t\t\t<li class=\"cue-track\" itemprop=\"track\" itemscope itemtype=\"http:\/\/schema.org\/MusicRecording\">\n\t\t\t\t\n\t\t\t\t<span class=\"cue-track-details cue-track-cell\">\n\t\t\t\t\t<span class=\"cue-track-title\" itemprop=\"name\">Nam Myoho Renge Kyo<\/span>\n\t\t\t\t\t<span class=\"cue-track-artist\" itemprop=\"byArtist\">Gizheela<\/span>\n\t\t\t\t<\/span>\n\n\t\t\t\t\n\t\t\t\t<span class=\"cue-track-length cue-track-cell\"><\/span>\n\n\t\t\t\t\t\t\t<\/li>\n\t\t\t\t\t<li class=\"cue-track\" itemprop=\"track\" itemscope itemtype=\"http:\/\/schema.org\/MusicRecording\">\n\t\t\t\t\n\t\t\t\t<span class=\"cue-track-details cue-track-cell\">\n\t\t\t\t\t<span class=\"cue-track-title\" itemprop=\"name\">Welcome<\/span>\n\t\t\t\t\t<span class=\"cue-track-artist\" itemprop=\"byArtist\">Gizheela<\/span>\n\t\t\t\t<\/span>\n\n\t\t\t\t\n\t\t\t\t<span class=\"cue-track-length cue-track-cell\"><\/span>\n\n\t\t\t\t\t\t\t<\/li>\n\t\t\t\t\t<li class=\"cue-track\" itemprop=\"track\" itemscope itemtype=\"http:\/\/schema.org\/MusicRecording\">\n\t\t\t\t\n\t\t\t\t<span class=\"cue-track-details cue-track-cell\">\n\t\t\t\t\t<span class=\"cue-track-title\" itemprop=\"name\">Time Is Like<\/span>\n\t\t\t\t\t<span class=\"cue-track-artist\" itemprop=\"byArtist\">Gizheela<\/span>\n\t\t\t\t<\/span>\n\n\t\t\t\t\n\t\t\t\t<span class=\"cue-track-length cue-track-cell\"><\/span>\n\n\t\t\t\t\t\t\t<\/li>\n\t\t\t\t\t<li class=\"cue-track\" itemprop=\"track\" itemscope itemtype=\"http:\/\/schema.org\/MusicRecording\">\n\t\t\t\t\n\t\t\t\t<span class=\"cue-track-details cue-track-cell\">\n\t\t\t\t\t<span class=\"cue-track-title\" itemprop=\"name\">Moa<\/span>\n\t\t\t\t\t<span class=\"cue-track-artist\" itemprop=\"byArtist\">Gizheela<\/span>\n\t\t\t\t<\/span>\n\n\t\t\t\t\n\t\t\t\t<span class=\"cue-track-length cue-track-cell\"><\/span>\n\n\t\t\t\t\t\t\t<\/li>\n\t\t\t\t\t<li class=\"cue-track\" itemprop=\"track\" itemscope itemtype=\"http:\/\/schema.org\/MusicRecording\">\n\t\t\t\t\n\t\t\t\t<span class=\"cue-track-details cue-track-cell\">\n\t\t\t\t\t<span class=\"cue-track-title\" itemprop=\"name\">Djimoa Hjidro<\/span>\n\t\t\t\t\t<span class=\"cue-track-artist\" itemprop=\"byArtist\">Gizheela<\/span>\n\t\t\t\t<\/span>\n\n\t\t\t\t\n\t\t\t\t<span class=\"cue-track-length cue-track-cell\"><\/span>\n\n\t\t\t\t\t\t\t<\/li>\n\t\t\t\t\t<li class=\"cue-track\" itemprop=\"track\" itemscope itemtype=\"http:\/\/schema.org\/MusicRecording\">\n\t\t\t\t\n\t\t\t\t<span class=\"cue-track-details cue-track-cell\">\n\t\t\t\t\t<span class=\"cue-track-title\" itemprop=\"name\">Oriental Breakfast<\/span>\n\t\t\t\t\t<span class=\"cue-track-artist\" itemprop=\"byArtist\">Gizheela<\/span>\n\t\t\t\t<\/span>\n\n\t\t\t\t\n\t\t\t\t<span class=\"cue-track-length cue-track-cell\"><\/span>\n\n\t\t\t\t\t\t\t<\/li>\n\t\t\t\t\t<li class=\"cue-track\" itemprop=\"track\" itemscope itemtype=\"http:\/\/schema.org\/MusicRecording\">\n\t\t\t\t\n\t\t\t\t<span class=\"cue-track-details cue-track-cell\">\n\t\t\t\t\t<span class=\"cue-track-title\" itemprop=\"name\">Yearning for Your Smile<\/span>\n\t\t\t\t\t<span class=\"cue-track-artist\" itemprop=\"byArtist\">Gizheela<\/span>\n\t\t\t\t<\/span>\n\n\t\t\t\t\n\t\t\t\t<span class=\"cue-track-length cue-track-cell\"><\/span>\n\n\t\t\t\t\t\t\t<\/li>\n\t\t\t\t\t<li class=\"cue-track\" itemprop=\"track\" itemscope itemtype=\"http:\/\/schema.org\/MusicRecording\">\n\t\t\t\t\n\t\t\t\t<span class=\"cue-track-details cue-track-cell\">\n\t\t\t\t\t<span class=\"cue-track-title\" itemprop=\"name\">Klang<\/span>\n\t\t\t\t\t<span class=\"cue-track-artist\" itemprop=\"byArtist\">Gizheela<\/span>\n\t\t\t\t<\/span>\n\n\t\t\t\t\n\t\t\t\t<span class=\"cue-track-length cue-track-cell\"><\/span>\n\n\t\t\t\t\t\t\t<\/li>\n\t\t\t\t\t<li class=\"cue-track\" itemprop=\"track\" itemscope itemtype=\"http:\/\/schema.org\/MusicRecording\">\n\t\t\t\t\n\t\t\t\t<span class=\"cue-track-details cue-track-cell\">\n\t\t\t\t\t<span class=\"cue-track-title\" itemprop=\"name\">Beautiful<\/span>\n\t\t\t\t\t<span class=\"cue-track-artist\" itemprop=\"byArtist\">Gizheela<\/span>\n\t\t\t\t<\/span>\n\n\t\t\t\t\n\t\t\t\t<span class=\"cue-track-length cue-track-cell\"><\/span>\n\n\t\t\t\t\t\t\t<\/li>\n\t\t\t\t\t<li class=\"cue-track\" itemprop=\"track\" itemscope itemtype=\"http:\/\/schema.org\/MusicRecording\">\n\t\t\t\t\n\t\t\t\t<span class=\"cue-track-details cue-track-cell\">\n\t\t\t\t\t<span class=\"cue-track-title\" itemprop=\"name\">Law of Attraction<\/span>\n\t\t\t\t\t<span class=\"cue-track-artist\" itemprop=\"byArtist\">Gizheela<\/span>\n\t\t\t\t<\/span>\n\n\t\t\t\t\n\t\t\t\t<span class=\"cue-track-length cue-track-cell\"><\/span>\n\n\t\t\t\t\t\t\t<\/li>\n\t\t\t\t\t<li class=\"cue-track\" itemprop=\"track\" itemscope itemtype=\"http:\/\/schema.org\/MusicRecording\">\n\t\t\t\t\n\t\t\t\t<span class=\"cue-track-details cue-track-cell\">\n\t\t\t\t\t<span class=\"cue-track-title\" itemprop=\"name\">Drill Baby Drill<\/span>\n\t\t\t\t\t<span class=\"cue-track-artist\" itemprop=\"byArtist\">Gizheela<\/span>\n\t\t\t\t<\/span>\n\n\t\t\t\t\n\t\t\t\t<span class=\"cue-track-length cue-track-cell\"><\/span>\n\n\t\t\t\t\t\t\t<\/li>\n\t\t\t\t\t<li class=\"cue-track\" itemprop=\"track\" itemscope itemtype=\"http:\/\/schema.org\/MusicRecording\">\n\t\t\t\t\n\t\t\t\t<span class=\"cue-track-details cue-track-cell\">\n\t\t\t\t\t<span class=\"cue-track-title\" itemprop=\"name\">Seelenreise<\/span>\n\t\t\t\t\t<span class=\"cue-track-artist\" itemprop=\"byArtist\">Gizheela<\/span>\n\t\t\t\t<\/span>\n\n\t\t\t\t\n\t\t\t\t<span class=\"cue-track-length cue-track-cell\"><\/span>\n\n\t\t\t\t\t\t\t<\/li>\n\t\t\t<\/ol>\n\n\t<\/div>\n\t\t<script type=\"application\/json\" class=\"cue-playlist-data\">{\"embed_link\":\"https:\\\/\\\/www.pattysplanet.de\\\/de\\\/?cue_embed=welcome&cue_theme=default\",\"permalink\":\"https:\\\/\\\/www.pattysplanet.de\\\/de\\\/?cue_playlist=welcome\",\"skin\":\"cue-skin-default\",\"thumbnail\":\"\",\"tracks\":[{\"artist\":\"Gizheela\",\"artworkId\":1089,\"artworkUrl\":\"https:\\\/\\\/www.pattysplanet.de\\\/de\\\/wp-content\\\/uploads\\\/2010\\\/12\\\/welcome_cover.gif\",\"audioId\":0,\"audioUrl\":\"https:\\\/\\\/eela-soley.com\\\/audio\\\/welcome\\\/nam_myoho_renge_kyo.mp3\",\"format\":\"\",\"length\":\"\",\"title\":\"Nam Myoho Renge Kyo\",\"order\":0,\"mp3\":\"https:\\\/\\\/eela-soley.com\\\/audio\\\/welcome\\\/nam_myoho_renge_kyo.mp3\",\"meta\":{\"artist\":\"Gizheela\",\"length_formatted\":\"\"},\"src\":\"https:\\\/\\\/eela-soley.com\\\/audio\\\/welcome\\\/nam_myoho_renge_kyo.mp3\",\"thumb\":{\"src\":\"https:\\\/\\\/www.pattysplanet.de\\\/de\\\/wp-content\\\/uploads\\\/2010\\\/12\\\/welcome_cover.gif\"}},{\"artist\":\"Gizheela\",\"artworkId\":1089,\"artworkUrl\":\"https:\\\/\\\/www.pattysplanet.de\\\/de\\\/wp-content\\\/uploads\\\/2010\\\/12\\\/welcome_cover.gif\",\"audioId\":0,\"audioUrl\":\"https:\\\/\\\/eela-soley.com\\\/audio\\\/welcome\\\/welcome.mp3\",\"format\":\"\",\"length\":\"\",\"title\":\"Welcome\",\"order\":1,\"mp3\":\"https:\\\/\\\/eela-soley.com\\\/audio\\\/welcome\\\/welcome.mp3\",\"meta\":{\"artist\":\"Gizheela\",\"length_formatted\":\"\"},\"src\":\"https:\\\/\\\/eela-soley.com\\\/audio\\\/welcome\\\/welcome.mp3\",\"thumb\":{\"src\":\"https:\\\/\\\/www.pattysplanet.de\\\/de\\\/wp-content\\\/uploads\\\/2010\\\/12\\\/welcome_cover.gif\"}},{\"artist\":\"Gizheela\",\"artworkId\":1089,\"artworkUrl\":\"https:\\\/\\\/www.pattysplanet.de\\\/de\\\/wp-content\\\/uploads\\\/2010\\\/12\\\/welcome_cover.gif\",\"audioId\":0,\"audioUrl\":\"https:\\\/\\\/eela-soley.com\\\/audio\\\/welcome\\\/time_is_like.mp3\",\"format\":\"\",\"length\":\"\",\"title\":\"Time Is Like\",\"order\":2,\"mp3\":\"https:\\\/\\\/eela-soley.com\\\/audio\\\/welcome\\\/time_is_like.mp3\",\"meta\":{\"artist\":\"Gizheela\",\"length_formatted\":\"\"},\"src\":\"https:\\\/\\\/eela-soley.com\\\/audio\\\/welcome\\\/time_is_like.mp3\",\"thumb\":{\"src\":\"https:\\\/\\\/www.pattysplanet.de\\\/de\\\/wp-content\\\/uploads\\\/2010\\\/12\\\/welcome_cover.gif\"}},{\"artist\":\"Gizheela\",\"artworkId\":1089,\"artworkUrl\":\"https:\\\/\\\/www.pattysplanet.de\\\/de\\\/wp-content\\\/uploads\\\/2010\\\/12\\\/welcome_cover.gif\",\"audioId\":0,\"audioUrl\":\"https:\\\/\\\/eela-soley.com\\\/audio\\\/welcome\\\/moa.mp3\",\"format\":\"\",\"length\":\"\",\"title\":\"Moa\",\"order\":3,\"mp3\":\"https:\\\/\\\/eela-soley.com\\\/audio\\\/welcome\\\/moa.mp3\",\"meta\":{\"artist\":\"Gizheela\",\"length_formatted\":\"\"},\"src\":\"https:\\\/\\\/eela-soley.com\\\/audio\\\/welcome\\\/moa.mp3\",\"thumb\":{\"src\":\"https:\\\/\\\/www.pattysplanet.de\\\/de\\\/wp-content\\\/uploads\\\/2010\\\/12\\\/welcome_cover.gif\"}},{\"artist\":\"Gizheela\",\"artworkId\":1089,\"artworkUrl\":\"https:\\\/\\\/www.pattysplanet.de\\\/de\\\/wp-content\\\/uploads\\\/2010\\\/12\\\/welcome_cover.gif\",\"audioId\":0,\"audioUrl\":\"https:\\\/\\\/eela-soley.com\\\/audio\\\/welcome\\\/djimoa_hjidro.mp3\",\"format\":\"\",\"length\":\"\",\"title\":\"Djimoa Hjidro\",\"order\":4,\"mp3\":\"https:\\\/\\\/eela-soley.com\\\/audio\\\/welcome\\\/djimoa_hjidro.mp3\",\"meta\":{\"artist\":\"Gizheela\",\"length_formatted\":\"\"},\"src\":\"https:\\\/\\\/eela-soley.com\\\/audio\\\/welcome\\\/djimoa_hjidro.mp3\",\"thumb\":{\"src\":\"https:\\\/\\\/www.pattysplanet.de\\\/de\\\/wp-content\\\/uploads\\\/2010\\\/12\\\/welcome_cover.gif\"}},{\"artist\":\"Gizheela\",\"artworkId\":1089,\"artworkUrl\":\"https:\\\/\\\/www.pattysplanet.de\\\/de\\\/wp-content\\\/uploads\\\/2010\\\/12\\\/welcome_cover.gif\",\"audioId\":0,\"audioUrl\":\"https:\\\/\\\/eela-soley.com\\\/audio\\\/welcome\\\/oriental_breakfast.mp3\",\"format\":\"\",\"length\":\"\",\"title\":\"Oriental Breakfast\",\"order\":5,\"mp3\":\"https:\\\/\\\/eela-soley.com\\\/audio\\\/welcome\\\/oriental_breakfast.mp3\",\"meta\":{\"artist\":\"Gizheela\",\"length_formatted\":\"\"},\"src\":\"https:\\\/\\\/eela-soley.com\\\/audio\\\/welcome\\\/oriental_breakfast.mp3\",\"thumb\":{\"src\":\"https:\\\/\\\/www.pattysplanet.de\\\/de\\\/wp-content\\\/uploads\\\/2010\\\/12\\\/welcome_cover.gif\"}},{\"artist\":\"Gizheela\",\"artworkId\":1089,\"artworkUrl\":\"https:\\\/\\\/www.pattysplanet.de\\\/de\\\/wp-content\\\/uploads\\\/2010\\\/12\\\/welcome_cover.gif\",\"audioId\":0,\"audioUrl\":\"https:\\\/\\\/eela-soley.com\\\/audio\\\/welcome\\\/yearning_for_your_smile.mp3\",\"format\":\"\",\"length\":\"\",\"title\":\"Yearning for Your Smile\",\"order\":6,\"mp3\":\"https:\\\/\\\/eela-soley.com\\\/audio\\\/welcome\\\/yearning_for_your_smile.mp3\",\"meta\":{\"artist\":\"Gizheela\",\"length_formatted\":\"\"},\"src\":\"https:\\\/\\\/eela-soley.com\\\/audio\\\/welcome\\\/yearning_for_your_smile.mp3\",\"thumb\":{\"src\":\"https:\\\/\\\/www.pattysplanet.de\\\/de\\\/wp-content\\\/uploads\\\/2010\\\/12\\\/welcome_cover.gif\"}},{\"artist\":\"Gizheela\",\"artworkId\":1089,\"artworkUrl\":\"https:\\\/\\\/www.pattysplanet.de\\\/de\\\/wp-content\\\/uploads\\\/2010\\\/12\\\/welcome_cover.gif\",\"audioId\":0,\"audioUrl\":\"https:\\\/\\\/eela-soley.com\\\/audio\\\/welcome\\\/klang.mp3\",\"format\":\"\",\"length\":\"\",\"title\":\"Klang\",\"order\":7,\"mp3\":\"https:\\\/\\\/eela-soley.com\\\/audio\\\/welcome\\\/klang.mp3\",\"meta\":{\"artist\":\"Gizheela\",\"length_formatted\":\"\"},\"src\":\"https:\\\/\\\/eela-soley.com\\\/audio\\\/welcome\\\/klang.mp3\",\"thumb\":{\"src\":\"https:\\\/\\\/www.pattysplanet.de\\\/de\\\/wp-content\\\/uploads\\\/2010\\\/12\\\/welcome_cover.gif\"}},{\"artist\":\"Gizheela\",\"artworkId\":1089,\"artworkUrl\":\"https:\\\/\\\/www.pattysplanet.de\\\/de\\\/wp-content\\\/uploads\\\/2010\\\/12\\\/welcome_cover.gif\",\"audioId\":0,\"audioUrl\":\"https:\\\/\\\/eela-soley.com\\\/audio\\\/welcome\\\/beautiful.mp3\",\"format\":\"\",\"length\":\"\",\"title\":\"Beautiful\",\"order\":8,\"mp3\":\"https:\\\/\\\/eela-soley.com\\\/audio\\\/welcome\\\/beautiful.mp3\",\"meta\":{\"artist\":\"Gizheela\",\"length_formatted\":\"\"},\"src\":\"https:\\\/\\\/eela-soley.com\\\/audio\\\/welcome\\\/beautiful.mp3\",\"thumb\":{\"src\":\"https:\\\/\\\/www.pattysplanet.de\\\/de\\\/wp-content\\\/uploads\\\/2010\\\/12\\\/welcome_cover.gif\"}},{\"artist\":\"Gizheela\",\"artworkId\":1089,\"artworkUrl\":\"https:\\\/\\\/www.pattysplanet.de\\\/de\\\/wp-content\\\/uploads\\\/2010\\\/12\\\/welcome_cover.gif\",\"audioId\":0,\"audioUrl\":\"https:\\\/\\\/eela-soley.com\\\/audio\\\/welcome\\\/law_of_attraction.mp3\",\"format\":\"\",\"length\":\"\",\"title\":\"Law of Attraction\",\"order\":9,\"mp3\":\"https:\\\/\\\/eela-soley.com\\\/audio\\\/welcome\\\/law_of_attraction.mp3\",\"meta\":{\"artist\":\"Gizheela\",\"length_formatted\":\"\"},\"src\":\"https:\\\/\\\/eela-soley.com\\\/audio\\\/welcome\\\/law_of_attraction.mp3\",\"thumb\":{\"src\":\"https:\\\/\\\/www.pattysplanet.de\\\/de\\\/wp-content\\\/uploads\\\/2010\\\/12\\\/welcome_cover.gif\"}},{\"artist\":\"Gizheela\",\"artworkId\":1089,\"artworkUrl\":\"https:\\\/\\\/www.pattysplanet.de\\\/de\\\/wp-content\\\/uploads\\\/2010\\\/12\\\/welcome_cover.gif\",\"audioId\":0,\"audioUrl\":\"https:\\\/\\\/eela-soley.com\\\/audio\\\/welcome\\\/drill_baby_drill.mp3\",\"format\":\"\",\"length\":\"\",\"title\":\"Drill Baby Drill\",\"order\":10,\"mp3\":\"https:\\\/\\\/eela-soley.com\\\/audio\\\/welcome\\\/drill_baby_drill.mp3\",\"meta\":{\"artist\":\"Gizheela\",\"length_formatted\":\"\"},\"src\":\"https:\\\/\\\/eela-soley.com\\\/audio\\\/welcome\\\/drill_baby_drill.mp3\",\"thumb\":{\"src\":\"https:\\\/\\\/www.pattysplanet.de\\\/de\\\/wp-content\\\/uploads\\\/2010\\\/12\\\/welcome_cover.gif\"}},{\"artist\":\"Gizheela\",\"artworkId\":1089,\"artworkUrl\":\"https:\\\/\\\/www.pattysplanet.de\\\/de\\\/wp-content\\\/uploads\\\/2010\\\/12\\\/welcome_cover.gif\",\"audioId\":0,\"audioUrl\":\"https:\\\/\\\/eela-soley.com\\\/audio\\\/welcome\\\/seelenreise.mp3\",\"format\":\"\",\"length\":\"\",\"title\":\"Seelenreise\",\"order\":11,\"mp3\":\"https:\\\/\\\/eela-soley.com\\\/audio\\\/welcome\\\/seelenreise.mp3\",\"meta\":{\"artist\":\"Gizheela\",\"length_formatted\":\"\"},\"src\":\"https:\\\/\\\/eela-soley.com\\\/audio\\\/welcome\\\/seelenreise.mp3\",\"thumb\":{\"src\":\"https:\\\/\\\/www.pattysplanet.de\\\/de\\\/wp-content\\\/uploads\\\/2010\\\/12\\\/welcome_cover.gif\"}}]}<\/script>\n\t\t<\/div>\n<\/div>\n<p><img loading=\"lazy\" decoding=\"async\" class=\"alignnone size-full wp-image-1089\" src=\"https:\/\/www.pattysplanet.de\/de\/wp-content\/uploads\/2010\/12\/welcome_cover.gif\" alt=\"\" width=\"300\" height=\"300\" srcset=\"https:\/\/www.pattysplanet.de\/de\/wp-content\/uploads\/2010\/12\/welcome_cover.gif 300w, https:\/\/www.pattysplanet.de\/de\/wp-content\/uploads\/2010\/12\/welcome_cover-150x150.gif 150w\" sizes=\"auto, (max-width: 300px) 100vw, 300px\" \/><\/p>\n<h3 style=\"clear: right;\">Gizheela - Welcome<\/h3>\n<p>Gesamtspielzeit: 54:10<br \/>\n\u00a9 Musik &amp; Texte: Eela Soley &amp; Bo Gilbert.<br \/>\nVer\u00f6ffentlicht Mai 2011 bei Yelamoon Records<\/p>\n<p>Eela Soley:<br \/>\nKomposition, Gesang, Texte, Fl\u00f6te, Saxophon, Bass, Geige, Drum Programming, zus\u00e4tzl. Percussion<\/p>\n<p>Jean Gilbert (Bo Gilbert):<br \/>\nKomposition, Gitarren, Texte, Arrangements, Bass, Schlagzeug Programmierung, Synthesizer, Backing Vocals, zus\u00e4tzl. Percussion<\/p>\n<p>G\u00e4ste:<br \/>\nUlrike: Klarinette (8), Robert Lindl: Conga (9), G\u00fcnther Chor (11)<\/p>\n<p>Aufnahmen, Mix, Mastering: Eela Soley &amp; Jean Gilbert 2009-2010<br \/>\nCover Artwork (8-Seiten Booklet mit Texten): Jean Gilbert<\/p>\n","protected":false},"excerpt":{"rendered":"<p>Gizheela - Welcome Gesamtspielzeit: 54:10 \u00a9 Musik &amp; Texte: Eela Soley &amp; Bo Gilbert. Ver\u00f6ffentlicht Mai 2011 bei Yelamoon Records Eela Soley: Komposition, Gesang, Texte, Fl\u00f6te, Saxophon, Bass, Geige, Drum Programming, zus\u00e4tzl. Percussion Jean Gilbert (Bo Gilbert): Komposition, Gitarren, Texte, Arrangements, Bass, Schlagzeug Programmierung, Synthesizer, Backing Vocals, zus\u00e4tzl. Percussion G\u00e4ste: Ulrike: Klarinette (8), Robert Lindl: [&hellip;]<\/p>\n","protected":false},"author":2,"featured_media":0,"parent":2,"menu_order":0,"comment_status":"closed","ping_status":"closed","template":"","meta":{"footnotes":""},"class_list":["post-1516","page","type-page","status-publish","hentry"],"aioseo_notices":[],"_links":{"self":[{"href":"https:\/\/www.pattysplanet.de\/de\/wp-json\/wp\/v2\/pages\/1516","targetHints":{"allow":["GET"]}}],"collection":[{"href":"https:\/\/www.pattysplanet.de\/de\/wp-json\/wp\/v2\/pages"}],"about":[{"href":"https:\/\/www.pattysplanet.de\/de\/wp-json\/wp\/v2\/types\/page"}],"author":[{"embeddable":true,"href":"https:\/\/www.pattysplanet.de\/de\/wp-json\/wp\/v2\/users\/2"}],"replies":[{"embeddable":true,"href":"https:\/\/www.pattysplanet.de\/de\/wp-json\/wp\/v2\/comments?post=1516"}],"version-history":[{"count":4,"href":"https:\/\/www.pattysplanet.de\/de\/wp-json\/wp\/v2\/pages\/1516\/revisions"}],"predecessor-version":[{"id":1531,"href":"https:\/\/www.pattysplanet.de\/de\/wp-json\/wp\/v2\/pages\/1516\/revisions\/1531"}],"up":[{"embeddable":true,"href":"https:\/\/www.pattysplanet.de\/de\/wp-json\/wp\/v2\/pages\/2"}],"wp:attachment":[{"href":"https:\/\/www.pattysplanet.de\/de\/wp-json\/wp\/v2\/media?parent=1516"}],"curies":[{"name":"wp","href":"https:\/\/api.w.org\/{rel}","templated":true}]}}