{"id":11,"date":"2008-07-21T14:49:51","date_gmt":"2008-07-21T12:49:51","guid":{"rendered":"https:\/\/www.pattysplanet.de\/de\/?page_id=11"},"modified":"2010-10-30T00:05:21","modified_gmt":"2010-10-29T22:05:21","slug":"presse","status":"publish","type":"page","link":"https:\/\/www.pattysplanet.de\/de\/presse\/","title":{"rendered":"Presse"},"content":{"rendered":"<ul>\n<li><a href=\"..\/blog\/pattysplanet-andromeda-rezensionen\/\">CD-Reviews Andromeda (Keys, Sonic Seducer, Sound &amp; Recording, Alternativmusik, Melodiva)<\/a><\/li>\n<li><a href=\"http:\/\/www.alternativmusik.de\/interviews\/interview-mit-pattysplanet\/\" target=\"_blank\">Interview bei alternativmusik.de<\/a><\/li>\n<li><a href=\"https:\/\/www.pattysplanet.de\/de\/wp-content\/uploads\/2008\/07\/aentitainment_interv_objekts004.pdf\">Interview bei aentitainment, englisch<\/a><\/li>\n<li><a href=\"http:\/\/www1.keyboards.de\/magazine\/m0901\/patty.html\" target=\"_blank\">Interview in Keyboards (09\/2001)<\/a><\/li>\n<li>Radio\n<ul>\n<li>WDR 3 (Musikpassagen)<\/li>\n<li>HR 1 (Interview in Schwarzweiss)<\/li>\n<li>Radio X Frankfurt (div. Interviews)<\/li>\n<li>Hochschulradio Aachen (Interviews und Liveperformances)<\/li>\n<li>Kanal K (<a href=\"http:\/\/www.kanalk.ch\/Portals\/0\/Musikredaktion\/Playhits\/Playhits%20Kanal%20K%20Woche%2001_07.pdf\" target=\"_blank\">CH Album der Woche<\/a>)<\/li>\n<li>Domradio K\u00f6ln (Interview)<\/li>\n<li>WDR 5<\/li>\n<li>DRS 3 (Schweiz)<\/li>\n<\/ul>\n<\/li>\n<li>TV\n<ul>\n<li>HR (kl. Livemitschnitt &amp; Interview,\u00a0 Newcomer Jahresnacht 2006)<\/li>\n<li>1Festival (kl. Livemitschnitt &amp; Interview,\u00a0 Newcomer Jahresnacht 2006)<\/li>\n<li>WDR (kl. Livemitschnitt &amp; Interview,\u00a0 Newcomer Jahresnacht 2006)<\/li>\n<\/ul>\n<\/li>\n<\/ul>\n<blockquote><p><em><strong>\u201cVerkn\u00fcpft Science-Fiction und M\u00e4rchen-M\u00e4dchenromantik, Torch Song und Electronic Listening. Trip ohne Hop in Formvollendung \u2013 als w\u00fcrden Kate Bush, Tori Amos und Beth Gibbons jetzt bei Coloma singen<\/strong><\/em><em><strong>\u201d<\/strong><br \/>\n(Sound &amp; Recording)<\/em><\/p><\/blockquote>\n<blockquote>\n<p style=\"text-align: right;\"><em><strong>\"Was sich hinter Pattysplanet verbirgt, ist ein wahrer Ein-Frau-Zirkus\u201d<\/strong><br \/>\n(visions.de)<\/em><\/p>\n<\/blockquote>\n<blockquote>\n<p style=\"text-align: left;\"><em><strong>\"Wer auf Bj\u00f6rk und Delerium steht, sollte unbedingt Mal reinlauschen und sich \u00fcberzeugen lassen von den qualitativ anspruchsvollen Kompositionen auf h\u00f6chstem Sounddesignniveau des Elektro Kartell Artists.\"<br \/>\n<\/strong>(Sonic Seducer)<\/em><\/p>\n<\/blockquote>\n","protected":false},"excerpt":{"rendered":"<p>CD-Reviews Andromeda (Keys, Sonic Seducer, Sound &amp; Recording, Alternativmusik, Melodiva) Interview bei alternativmusik.de Interview bei aentitainment, englisch Interview in Keyboards (09\/2001) Radio WDR 3 (Musikpassagen) HR 1 (Interview in Schwarzweiss) Radio X Frankfurt (div. Interviews) Hochschulradio Aachen (Interviews und Liveperformances) Kanal K (CH Album der Woche) Domradio K\u00f6ln (Interview) WDR 5 DRS 3 (Schweiz) TV [&hellip;]<\/p>\n","protected":false},"author":2,"featured_media":0,"parent":0,"menu_order":40,"comment_status":"closed","ping_status":"open","template":"","meta":{"footnotes":""},"class_list":["post-11","page","type-page","status-publish","hentry"],"aioseo_notices":[],"_links":{"self":[{"href":"https:\/\/www.pattysplanet.de\/de\/wp-json\/wp\/v2\/pages\/11","targetHints":{"allow":["GET"]}}],"collection":[{"href":"https:\/\/www.pattysplanet.de\/de\/wp-json\/wp\/v2\/pages"}],"about":[{"href":"https:\/\/www.pattysplanet.de\/de\/wp-json\/wp\/v2\/types\/page"}],"author":[{"embeddable":true,"href":"https:\/\/www.pattysplanet.de\/de\/wp-json\/wp\/v2\/users\/2"}],"replies":[{"embeddable":true,"href":"https:\/\/www.pattysplanet.de\/de\/wp-json\/wp\/v2\/comments?post=11"}],"version-history":[{"count":24,"href":"https:\/\/www.pattysplanet.de\/de\/wp-json\/wp\/v2\/pages\/11\/revisions"}],"predecessor-version":[{"id":221,"href":"https:\/\/www.pattysplanet.de\/de\/wp-json\/wp\/v2\/pages\/11\/revisions\/221"}],"wp:attachment":[{"href":"https:\/\/www.pattysplanet.de\/de\/wp-json\/wp\/v2\/media?parent=11"}],"curies":[{"name":"wp","href":"https:\/\/api.w.org\/{rel}","templated":true}]}}